{"id":1771,"date":"2021-10-21T09:21:27","date_gmt":"2021-10-21T09:21:27","guid":{"rendered":"https:\/\/willa.pixandhue.com\/?page_id=1771"},"modified":"2024-08-03T13:21:15","modified_gmt":"2024-08-03T11:21:15","slug":"contact","status":"publish","type":"page","link":"https:\/\/azdesign.fr\/index.php\/contact\/","title":{"rendered":"Contact"},"content":{"rendered":"\t\t<div data-elementor-type=\"wp-page\" data-elementor-id=\"1771\" class=\"elementor elementor-1771\" data-elementor-post-type=\"page\">\n\t\t\t\t\t\t<section class=\"elementor-section elementor-top-section elementor-element elementor-element-699f063 elementor-section-full_width elementor-section-height-min-height elementor-section-items-stretch willa-split-column-section elementor-section-height-default\" data-id=\"699f063\" data-element_type=\"section\" data-e-type=\"section\">\n\t\t\t\t\t\t<div class=\"elementor-container elementor-column-gap-no\">\n\t\t\t\t\t<div class=\"elementor-column elementor-col-50 elementor-top-column elementor-element elementor-element-f7a2532 willa-split-image-column\" data-id=\"f7a2532\" data-element_type=\"column\" data-e-type=\"column\" data-settings=\"{&quot;background_background&quot;:&quot;classic&quot;}\">\n\t\t\t<div class=\"elementor-widget-wrap\">\n\t\t\t\t\t\t\t<\/div>\n\t\t<\/div>\n\t\t\t\t<div class=\"elementor-column elementor-col-50 elementor-top-column elementor-element elementor-element-f4aaa67 willa-split-text-column willa-contact-form-column\" data-id=\"f4aaa67\" data-element_type=\"column\" data-e-type=\"column\" data-settings=\"{&quot;background_background&quot;:&quot;classic&quot;}\">\n\t\t\t<div class=\"elementor-widget-wrap elementor-element-populated\">\n\t\t\t\t\t\t<div class=\"elementor-element elementor-element-69f5f05 willa-no-bottom-p willa-standard-subtitle elementor-widget elementor-widget-text-editor\" data-id=\"69f5f05\" data-element_type=\"widget\" data-e-type=\"widget\" data-widget_type=\"text-editor.default\">\n\t\t\t\t<div class=\"elementor-widget-container\">\n\t\t\t\t\t\t\t\t\tPOUR NOUS JOINDRE\t\t\t\t\t\t\t\t<\/div>\n\t\t\t\t<\/div>\n\t\t\t\t<div class=\"elementor-element elementor-element-2e778f7 willa-standard-title elementor-widget elementor-widget-heading\" data-id=\"2e778f7\" data-element_type=\"widget\" data-e-type=\"widget\" data-widget_type=\"heading.default\">\n\t\t\t\t<div class=\"elementor-widget-container\">\n\t\t\t\t\t<h2 class=\"elementor-heading-title elementor-size-default\">Parlez-no  us de votre projet<\/h2>\t\t\t\t<\/div>\n\t\t\t\t<\/div>\n\t\t\t\t<div class=\"elementor-element elementor-element-0a78064 willa-no-bottom-p elementor-widget elementor-widget-text-editor\" data-id=\"0a78064\" data-element_type=\"widget\" data-e-type=\"widget\" data-widget_type=\"text-editor.default\">\n\t\t\t\t<div class=\"elementor-widget-container\">\n\t\t\t\t\t\t\t\t\t\u79c1\u305f\u3061\u306e\u30b5\u30fc\u30d3\u30b9\u3084\u6599\u91d1\u306b\u3064\u3044\u3066\u8a73\u3057\u304f\u304a\u77e5\u308a\u306b\u306a\u308a\u305f\u3044\u65b9\u306f\u3001\u4ee5\u4e0b\u306e\u30d5\u30a9\u30fc\u30e0\u306b\u3054\u8a18\u5165\u304f\u3060\u3055\u3044\u3002\u3054\u9060\u616e\u306a\u304f\u3001\u3042\u306a\u305f\u306e\u30cb\u30fc\u30ba\u3084\u3054\u5e0c\u671b\u3092\u8a73\u3057\u304f\u304a\u66f8\u304d\u304f\u3060\u3055\u3044\u3002\u305d\u308c\u305e\u308c\u306e\u30ea\u30af\u30a8\u30b9\u30c8\u306b\u6642\u9593\u3092\u304b\u3051\u3066\u304a\u7b54\u3048\u3057\u307e\u3059\u3002\n\n\u3042\u306a\u305f\u306e\u30d7\u30ed\u30b8\u30a7\u30af\u30c8\u4f5c\u6210\u306b\u6700\u9ad8\u306e\u30b5\u30dd\u30fc\u30c8\u3092\u63d0\u4f9b\u3059\u308b\u3053\u3068\u3092\u304a\u7d04\u675f\u3057\u307e\u3059\u3002\t\t\t\t\t\t\t\t<\/div>\n\t\t\t\t<\/div>\n\t\t\t\t<div class=\"elementor-element elementor-element-633c4fe elementor-button-align-stretch elementor-widget elementor-widget-form\" data-id=\"633c4fe\" data-element_type=\"widget\" data-e-type=\"widget\" data-settings=\"{&quot;button_width&quot;:&quot;80&quot;,&quot;step_next_label&quot;:&quot;Next&quot;,&quot;step_previous_label&quot;:&quot;Previous&quot;,&quot;step_type&quot;:&quot;number_text&quot;,&quot;step_icon_shape&quot;:&quot;circle&quot;}\" data-widget_type=\"form.default\">\n\t\t\t\t<div class=\"elementor-widget-container\">\n\t\t\t\t\t\t\t<form class=\"elementor-form\" method=\"post\" name=\"New Form\">\n\t\t\t<input type=\"hidden\" name=\"post_id\" value=\"1771\"\/>\n\t\t\t<input type=\"hidden\" name=\"form_id\" value=\"633c4fe\"\/>\n\t\t\t<input type=\"hidden\" name=\"referer_title\" value=\"Contact - A_Z desing.co\" \/>\n\n\t\t\t\t\t\t\t<input type=\"hidden\" name=\"queried_id\" value=\"1771\"\/>\n\t\t\t\n\t\t\t<div class=\"elementor-form-fields-wrapper elementor-labels-\">\n\t\t\t\t\t\t\t\t<div class=\"elementor-field-type-text elementor-field-group elementor-column elementor-field-group-name elementor-col-80 elementor-field-required\">\n\t\t\t\t\t\t\t\t\t\t\t\t<label for=\"form-field-name\" class=\"elementor-field-label elementor-screen-only\">\n\t\t\t\t\t\t\t\tName\t\t\t\t\t\t\t<\/label>\n\t\t\t\t\t\t\t\t\t\t\t\t\t\t<input size=\"1\" type=\"text\" name=\"form_fields[name]\" id=\"form-field-name\" class=\"elementor-field elementor-size-md  elementor-field-textual\" placeholder=\"Name*\" required=\"required\">\n\t\t\t\t\t\t\t\t\t\t\t<\/div>\n\t\t\t\t\t\t\t\t<div class=\"elementor-field-type-email elementor-field-group elementor-column elementor-field-group-email elementor-col-80 elementor-field-required\">\n\t\t\t\t\t\t\t\t\t\t\t\t<label for=\"form-field-email\" class=\"elementor-field-label elementor-screen-only\">\n\t\t\t\t\t\t\t\tEmail\t\t\t\t\t\t\t<\/label>\n\t\t\t\t\t\t\t\t\t\t\t\t\t\t<input size=\"1\" type=\"email\" name=\"form_fields[email]\" id=\"form-field-email\" class=\"elementor-field elementor-size-md  elementor-field-textual\" placeholder=\"Email*\" required=\"required\">\n\t\t\t\t\t\t\t\t\t\t\t<\/div>\n\t\t\t\t\t\t\t\t<div class=\"elementor-field-type-text elementor-field-group elementor-column elementor-field-group-field_abfe75c elementor-col-80\">\n\t\t\t\t\t\t\t\t\t\t\t\t<label for=\"form-field-field_abfe75c\" class=\"elementor-field-label elementor-screen-only\">\n\t\t\t\t\t\t\t\tSubject\t\t\t\t\t\t\t<\/label>\n\t\t\t\t\t\t\t\t\t\t\t\t\t\t<input size=\"1\" type=\"text\" name=\"form_fields[field_abfe75c]\" id=\"form-field-field_abfe75c\" class=\"elementor-field elementor-size-md  elementor-field-textual\" placeholder=\"Subject\">\n\t\t\t\t\t\t\t\t\t\t\t<\/div>\n\t\t\t\t\t\t\t\t<div class=\"elementor-field-type-textarea elementor-field-group elementor-column elementor-field-group-message elementor-col-80\">\n\t\t\t\t\t\t\t\t\t\t\t\t<label for=\"form-field-message\" class=\"elementor-field-label elementor-screen-only\">\n\t\t\t\t\t\t\t\tMessage\t\t\t\t\t\t\t<\/label>\n\t\t\t\t\t\t<textarea class=\"elementor-field-textual elementor-field  elementor-size-md\" name=\"form_fields[message]\" id=\"form-field-message\" rows=\"6\" placeholder=\"Message\"><\/textarea>\t\t\t\t<\/div>\n\t\t\t\t\t\t\t\t<div class=\"elementor-field-group elementor-column elementor-field-type-submit elementor-col-80 e-form__buttons\">\n\t\t\t\t\t<button class=\"elementor-button elementor-size-sm\" type=\"submit\">\n\t\t\t\t\t\t<span class=\"elementor-button-content-wrapper\">\n\t\t\t\t\t\t\t\t\t\t\t\t\t\t\t\t\t\t\t\t\t\t<span class=\"elementor-button-text\">Envoyer<\/span>\n\t\t\t\t\t\t\t\t\t\t\t\t\t<\/span>\n\t\t\t\t\t<\/button>\n\t\t\t\t<\/div>\n\t\t\t<\/div>\n\t\t<\/form>\n\t\t\t\t\t\t<\/div>\n\t\t\t\t<\/div>\n\t\t\t\t\t<\/div>\n\t\t<\/div>\n\t\t\t\t\t<\/div>\n\t\t<\/section>\n\t\t\t\t<section class=\"elementor-section elementor-top-section elementor-element elementor-element-23b5c36 elementor-section-boxed elementor-section-height-default elementor-section-height-default\" data-id=\"23b5c36\" data-element_type=\"section\" data-e-type=\"section\" data-settings=\"{&quot;background_background&quot;:&quot;classic&quot;}\">\n\t\t\t\t\t\t<div class=\"elementor-container elementor-column-gap-no\">\n\t\t\t\t\t<div class=\"elementor-column elementor-col-100 elementor-top-column elementor-element elementor-element-964f842\" data-id=\"964f842\" data-element_type=\"column\" data-e-type=\"column\">\n\t\t\t<div class=\"elementor-widget-wrap elementor-element-populated\">\n\t\t\t\t\t\t<div class=\"elementor-element elementor-element-e84eb9e willa-no-bottom-p willa-intro-header-text elementor-widget elementor-widget-text-editor\" data-id=\"e84eb9e\" data-element_type=\"widget\" data-e-type=\"widget\" data-widget_type=\"text-editor.default\">\n\t\t\t\t<div class=\"elementor-widget-container\">\n\t\t\t\t\t\t\t\t\tNotre objectif : vous accompagner dans la construction d&#8217;une marque p\u00e9renne.\t\t\t\t\t\t\t\t<\/div>\n\t\t\t\t<\/div>\n\t\t\t\t\t<\/div>\n\t\t<\/div>\n\t\t\t\t\t<\/div>\n\t\t<\/section>\n\t\t\t\t<section class=\"elementor-section elementor-top-section elementor-element elementor-element-b455a60 elementor-reverse-mobile elementor-section-boxed elementor-section-height-default elementor-section-height-default\" data-id=\"b455a60\" data-element_type=\"section\" data-e-type=\"section\">\n\t\t\t\t\t\t<div class=\"elementor-container elementor-column-gap-no\">\n\t\t\t\t\t<div class=\"elementor-column elementor-col-50 elementor-top-column elementor-element elementor-element-4681718\" data-id=\"4681718\" data-element_type=\"column\" data-e-type=\"column\">\n\t\t\t<div class=\"elementor-widget-wrap elementor-element-populated\">\n\t\t\t\t\t\t<div class=\"elementor-element elementor-element-15c1062 willa-elementor-button elementor-align-justify elementor-widget elementor-widget-button\" data-id=\"15c1062\" data-element_type=\"widget\" data-e-type=\"widget\" data-widget_type=\"button.default\">\n\t\t\t\t<div class=\"elementor-widget-container\">\n\t\t\t\t\t\t\t\t\t<div class=\"elementor-button-wrapper\">\n\t\t\t\t\t<a class=\"elementor-button elementor-button-link elementor-size-sm\" href=\"https:\/\/www.instagram.com\/a_zdesign.co\/\">\n\t\t\t\t\t\t<span class=\"elementor-button-content-wrapper\">\n\t\t\t\t\t\t\t\t\t<span class=\"elementor-button-text\">Follow On Instagram<\/span>\n\t\t\t\t\t<\/span>\n\t\t\t\t\t<\/a>\n\t\t\t\t<\/div>\n\t\t\t\t\t\t\t\t<\/div>\n\t\t\t\t<\/div>\n\t\t\t\t\t<\/div>\n\t\t<\/div>\n\t\t\t\t<div class=\"elementor-column elementor-col-50 elementor-top-column elementor-element elementor-element-f823a9f\" data-id=\"f823a9f\" data-element_type=\"column\" data-e-type=\"column\">\n\t\t\t<div class=\"elementor-widget-wrap elementor-element-populated\">\n\t\t\t\t\t\t<div class=\"elementor-element elementor-element-f55fc63 willa-no-bottom-p willa-standard-subtitle elementor-widget elementor-widget-text-editor\" data-id=\"f55fc63\" data-element_type=\"widget\" data-e-type=\"widget\" data-widget_type=\"text-editor.default\">\n\t\t\t\t<div class=\"elementor-widget-container\">\n\t\t\t\t\t\t\t\t\t<p>Restez connect\u00e9e<\/p>\t\t\t\t\t\t\t\t<\/div>\n\t\t\t\t<\/div>\n\t\t\t\t<div class=\"elementor-element elementor-element-bd933c0 willa-standard-title elementor-widget elementor-widget-heading\" data-id=\"bd933c0\" data-element_type=\"widget\" data-e-type=\"widget\" data-widget_type=\"heading.default\">\n\t\t\t\t<div class=\"elementor-widget-container\">\n\t\t\t\t\t<h2 class=\"elementor-heading-title elementor-size-default\">Suivez-nous sur Instagram pour d\u00e9couvrir toutes les actualit\u00e9s d'A_Zdesign.co.<\/h2>\t\t\t\t<\/div>\n\t\t\t\t<\/div>\n\t\t\t\t<div class=\"elementor-element elementor-element-c3d1194 willa-no-bottom-p elementor-widget elementor-widget-text-editor\" data-id=\"c3d1194\" data-element_type=\"widget\" data-e-type=\"widget\" data-widget_type=\"text-editor.default\">\n\t\t\t\t<div class=\"elementor-widget-container\">\n\t\t\t\t\t\t\t\t\t<p>\u79c1\u305f\u3061\u306e\u4f5c\u54c1\u306fInstagram\u304b\u3089\u3067\u3082\u3054\u89a7\u3044\u305f\u3060\u3051\u307e\u3059<\/p>\t\t\t\t\t\t\t\t<\/div>\n\t\t\t\t<\/div>\n\t\t\t\t\t<\/div>\n\t\t<\/div>\n\t\t\t\t\t<\/div>\n\t\t<\/section>\n\t\t\t\t<\/div>\n\t\t","protected":false},"excerpt":{"rendered":"<p>POUR NOUS JOINDRE Parlez-no us de votre projet \u79c1\u305f\u3061\u306e\u30b5\u30fc\u30d3\u30b9\u3084\u6599\u91d1\u306b\u3064\u3044\u3066\u8a73\u3057\u304f\u304a\u77e5\u308a\u306b\u306a\u308a\u305f\u3044\u65b9\u306f\u3001\u4ee5\u4e0b\u306e\u30d5\u30a9\u30fc\u30e0\u306b\u3054\u8a18\u5165\u304f\u3060\u3055\u3044\u3002\u3054\u9060\u616e\u306a\u304f\u3001\u3042\u306a\u305f\u306e\u30cb\u30fc\u30ba\u3084\u3054\u5e0c\u671b\u3092\u8a73\u3057\u304f\u304a\u66f8\u304d\u304f\u3060\u3055\u3044\u3002\u305d\u308c\u305e\u308c\u306e\u30ea\u30af\u30a8\u30b9\u30c8\u306b\u6642\u9593\u3092\u304b\u3051\u3066\u304a\u7b54\u3048\u3057\u307e\u3059\u3002 \u3042\u306a\u305f\u306e\u30d7\u30ed\u30b8\u30a7\u30af\u30c8\u4f5c\u6210\u306b\u6700\u9ad8\u306e\u30b5\u30dd\u30fc\u30c8\u3092\u63d0\u4f9b\u3059\u308b\u3053\u3068\u3092\u304a\u7d04\u675f\u3057\u307e\u3059\u3002Notre objectif : vous accompagner dans la construction d&#8217;une marque p\u00e9renne. Follow On Instagram Restez connect\u00e9e Suivez-nous sur Instagram pour d\u00e9couvrir toutes les actualit\u00e9s d&#8217;A_Zdesign.co. \u79c1\u305f\u3061\u306e\u4f5c\u54c1\u306fInstagram\u304b\u3089\u3067\u3082\u3054\u89a7\u3044\u305f\u3060\u3051\u307e\u3059<\/p>\n","protected":false},"author":1,"featured_media":0,"parent":0,"menu_order":0,"comment_status":"closed","ping_status":"closed","template":"elementor_header_footer","meta":{"_acf_changed":false,"footnotes":""},"categories":[],"class_list":["post-1771","page","type-page","status-publish","hentry","language-ja"],"acf":[],"aioseo_notices":[],"_links":{"self":[{"href":"https:\/\/azdesign.fr\/index.php\/wp-json\/wp\/v2\/pages\/1771","targetHints":{"allow":["GET"]}}],"collection":[{"href":"https:\/\/azdesign.fr\/index.php\/wp-json\/wp\/v2\/pages"}],"about":[{"href":"https:\/\/azdesign.fr\/index.php\/wp-json\/wp\/v2\/types\/page"}],"author":[{"embeddable":true,"href":"https:\/\/azdesign.fr\/index.php\/wp-json\/wp\/v2\/users\/1"}],"replies":[{"embeddable":true,"href":"https:\/\/azdesign.fr\/index.php\/wp-json\/wp\/v2\/comments?post=1771"}],"version-history":[{"count":0,"href":"https:\/\/azdesign.fr\/index.php\/wp-json\/wp\/v2\/pages\/1771\/revisions"}],"wp:attachment":[{"href":"https:\/\/azdesign.fr\/index.php\/wp-json\/wp\/v2\/media?parent=1771"}],"wp:term":[{"taxonomy":"category","embeddable":true,"href":"https:\/\/azdesign.fr\/index.php\/wp-json\/wp\/v2\/categories?post=1771"}],"curies":[{"name":"wp","href":"https:\/\/api.w.org\/{rel}","templated":true}]}}